{"id":2166,"date":"2023-09-03T22:14:27","date_gmt":"2023-09-03T20:14:27","guid":{"rendered":"https:\/\/herschifano.com\/?page_id=2166"},"modified":"2023-09-22T00:42:37","modified_gmt":"2023-09-21T22:42:37","slug":"bio","status":"publish","type":"page","link":"https:\/\/herschifano.com\/index.php\/bio\/","title":{"rendered":"BIO"},"content":{"rendered":"\t\t<div data-elementor-type=\"wp-page\" data-elementor-id=\"2166\" class=\"elementor elementor-2166\">\n\t\t\t\t\t\t\t<div class=\"elementor-element elementor-element-a08f6f7 e-flex e-con-boxed wpr-particle-no wpr-jarallax-no wpr-parallax-no wpr-sticky-section-no e-con\" data-id=\"a08f6f7\" data-element_type=\"container\" data-settings=\"{&quot;content_width&quot;:&quot;boxed&quot;}\">\n\t\t\t\t\t<div class=\"e-con-inner\">\n\t\t\t\t<div class=\"elementor-element elementor-element-4c969e1 elementor-position-left elementor-vertical-align-top elementor-widget elementor-widget-image-box\" data-id=\"4c969e1\" data-element_type=\"widget\" data-widget_type=\"image-box.default\">\n\t\t\t\t<div class=\"elementor-widget-container\">\n\t\t\t<style>\/*! elementor - v3.15.0 - 20-08-2023 *\/\n.elementor-widget-image-box .elementor-image-box-content{width:100%}@media (min-width:768px){.elementor-widget-image-box.elementor-position-left .elementor-image-box-wrapper,.elementor-widget-image-box.elementor-position-right .elementor-image-box-wrapper{display:flex}.elementor-widget-image-box.elementor-position-right .elementor-image-box-wrapper{text-align:right;flex-direction:row-reverse}.elementor-widget-image-box.elementor-position-left .elementor-image-box-wrapper{text-align:left;flex-direction:row}.elementor-widget-image-box.elementor-position-top .elementor-image-box-img{margin:auto}.elementor-widget-image-box.elementor-vertical-align-top .elementor-image-box-wrapper{align-items:flex-start}.elementor-widget-image-box.elementor-vertical-align-middle .elementor-image-box-wrapper{align-items:center}.elementor-widget-image-box.elementor-vertical-align-bottom .elementor-image-box-wrapper{align-items:flex-end}}@media (max-width:767px){.elementor-widget-image-box .elementor-image-box-img{margin-left:auto!important;margin-right:auto!important;margin-bottom:15px}}.elementor-widget-image-box .elementor-image-box-img{display:inline-block}.elementor-widget-image-box .elementor-image-box-title a{color:inherit}.elementor-widget-image-box .elementor-image-box-wrapper{text-align:center}.elementor-widget-image-box .elementor-image-box-description{margin:0}<\/style><div class=\"elementor-image-box-wrapper\"><figure class=\"elementor-image-box-img\"><img loading=\"lazy\" decoding=\"async\" width=\"1707\" height=\"2560\" src=\"https:\/\/herschifano.com\/wp-content\/uploads\/2023\/09\/Foto-BIO-scaled.jpg\" class=\"attachment-full size-full wp-image-2168\" alt=\"\" srcset=\"https:\/\/herschifano.com\/wp-content\/uploads\/2023\/09\/Foto-BIO-scaled.jpg 1707w, https:\/\/herschifano.com\/wp-content\/uploads\/2023\/09\/Foto-BIO-800x1200.jpg 800w, https:\/\/herschifano.com\/wp-content\/uploads\/2023\/09\/Foto-BIO-1160x1740.jpg 1160w, https:\/\/herschifano.com\/wp-content\/uploads\/2023\/09\/Foto-BIO-1024x1536.jpg 1024w, https:\/\/herschifano.com\/wp-content\/uploads\/2023\/09\/Foto-BIO-1365x2048.jpg 1365w, https:\/\/herschifano.com\/wp-content\/uploads\/2023\/09\/Foto-BIO-120x180.jpg 120w, https:\/\/herschifano.com\/wp-content\/uploads\/2023\/09\/Foto-BIO-90x135.jpg 90w, https:\/\/herschifano.com\/wp-content\/uploads\/2023\/09\/Foto-BIO-320x480.jpg 320w, https:\/\/herschifano.com\/wp-content\/uploads\/2023\/09\/Foto-BIO-560x840.jpg 560w, https:\/\/herschifano.com\/wp-content\/uploads\/2023\/09\/Foto-BIO-1920x2880.jpg 1920w\" sizes=\"(max-width: 1707px) 100vw, 1707px\" \/><\/figure><div class=\"elementor-image-box-content\"><h3 id=\"hernan-rulo-schifano\" class=\"elementor-image-box-title\">Hern\u00e1n \u201cRulo\u201d Schifano<\/h3><p class=\"elementor-image-box-description\">naci\u00f3 un 01\/02\/1985 en la Ciudad de Buenos Aires. Desde muy chico reside hasta la fecha en el barrio de sus amores, Almagro. <b>Creativo, Innovador, independiente, so\u00f1ador y muy inquieto<\/b>, disfruta de sus actividades, complementando sus hobbies, deportes,  perros, viajes y su vida social.\nEs Abogado <b>graduado en la Universidad Nacional de Buenos Aires<\/b>, profesi\u00f3n de la cual vive, pero como siempre remarca, la Actuaci\u00f3n, la escritura y la ayuda solidaria, son lo que lo hacen vivir.<br><br>Sus comienzos en el campo art\u00edstico, se remonta con la m\u00fasica, estudiando canto y realizando shows por diversos bares de Capital Federal. Posteriormente, incursiona en el mundo de la comicidad, estudiando Stand Up, que de la mano de Emilio Tamer, se forma como comediante, hasta decidir ser <b>Actor<\/b>.<br><br>Formado profesionalmente con Maestros como Augusto Fern\u00e1ndez, comienza una carrera en ascenso actuando tanto en comedia como en drama, dando vida a diferentes personajes en obras teatrales. Y es por ello que tambi\u00e9n estudia y se expande a los medios audiovisuales, participando en cortos, publicidades y Cine Independiente. <br><br>Complementa su conocimiento, el capacitarse en producci\u00f3n, como as\u00ed tambi\u00e9n la dramaturgia y escritura, tanto de mon\u00f3logos y sketches, como de textos dram\u00e1ticos. Pero esto \u00faltimo, solo ser\u00eda un puntapi\u00e9 para descubrir otro talento y pasi\u00f3n, la escritura. Adem\u00e1s de las piezas teatrales, ha escrito numerosos textos y poemas, mayoritariamente en prosa, los cuales transmiten su pensamiento y visi\u00f3n personal del amor, de la vida, la sociedad, etc. Escribe activamente sobre lo que pueda transmitir y dejar algo en el lector, y en la actualidad se encuentra en marcha su primera novela de ficci\u00f3n.<br><br>Pero como dicen; no hay dos sin tres, otra parte de su tiempo lo dedica a una vocaci\u00f3n que lleva adentro, su finalidad como ser humano en esta vida, la que incorpora desde su formaci\u00f3n humana como exalumno salesiano. Las ense\u00f1as de amor, solidaridad y la idea de hacer algo por y para los dem\u00e1s lo hicieron crear el proyecto solidario \u201c<b>Alas Abiertas<\/b>\u201d, el cual busca suplir carencias materiales como afectivas a ni\u00f1os y familias necesitadas por diferentes comedores, merenderos, parroquias, hogares, etc. <br><br>En el mismo sentido, actualmente es padrino de la Escuela Rural N\u00ba 79 de Entre R\u00edos. Dentro de las acciones que se realizan son la entrega de Juguetes, Ropa, Alimentos o \u00fatiles escolares, siendo entregados personalmente en el marco de alguno de los m\u00faltiples festejos que se realizan para compartir fechas relevantes para los ni\u00f1os y sus familias.\nConvencido de que el amor al pr\u00f3jimo, la constancia, la fe, y perseguir sus sue\u00f1os, son el sost\u00e9n para crecer d\u00eda a d\u00eda.<br><br>Sus valores y desarrollo, tanto desde lo humano como as\u00ed tambi\u00e9n desde lo profesional en cada una de las \u00e1reas de su vida, le llevan a trasmitirlo con <b>pasi\u00f3n y dedicaci\u00f3n<\/b> con sus acciones, brindando el ejemplo para j\u00f3venes y adultos de la sociedad en que vivimos.<br><br><br>Hern\u00e1n <b>\u201crulo<\/b>\u201d Schifano\n<\/p><\/div><\/div>\t\t<\/div>\n\t\t\t\t<\/div>\n\t\t\t\t\t<\/div>\n\t\t\t\t<\/div>\n\t\t\t\t\t\t\t<\/div>\n\t\t","protected":false},"excerpt":{"rendered":"<p>Hern\u00e1n \u201cRulo\u201d Schifano naci\u00f3 un 01\/02\/1985 en la Ciudad de Buenos Aires. Desde muy chico reside hasta la fecha en el barrio de sus amores, Almagro. Creativo, Innovador, independiente, so\u00f1ador y muy inquieto, disfruta de sus actividades, complementando sus hobbies, deportes, perros, viajes y su vida social. Es Abogado graduado en la Universidad Nacional de [&hellip;]<\/p>\n","protected":false},"author":2,"featured_media":0,"parent":0,"menu_order":0,"comment_status":"closed","ping_status":"closed","template":"template-canvas-fullwidth.php","meta":{"footnotes":""},"_links":{"self":[{"href":"https:\/\/herschifano.com\/index.php\/wp-json\/wp\/v2\/pages\/2166"}],"collection":[{"href":"https:\/\/herschifano.com\/index.php\/wp-json\/wp\/v2\/pages"}],"about":[{"href":"https:\/\/herschifano.com\/index.php\/wp-json\/wp\/v2\/types\/page"}],"author":[{"embeddable":true,"href":"https:\/\/herschifano.com\/index.php\/wp-json\/wp\/v2\/users\/2"}],"replies":[{"embeddable":true,"href":"https:\/\/herschifano.com\/index.php\/wp-json\/wp\/v2\/comments?post=2166"}],"version-history":[{"count":36,"href":"https:\/\/herschifano.com\/index.php\/wp-json\/wp\/v2\/pages\/2166\/revisions"}],"predecessor-version":[{"id":2513,"href":"https:\/\/herschifano.com\/index.php\/wp-json\/wp\/v2\/pages\/2166\/revisions\/2513"}],"wp:attachment":[{"href":"https:\/\/herschifano.com\/index.php\/wp-json\/wp\/v2\/media?parent=2166"}],"curies":[{"name":"wp","href":"https:\/\/api.w.org\/{rel}","templated":true}]}}